{"id":28,"date":"2025-01-31T07:59:31","date_gmt":"2025-01-31T13:59:31","guid":{"rendered":"https:\/\/pet.artereciclada.com.br\/?page_id=28"},"modified":"2025-03-24T11:32:21","modified_gmt":"2025-03-24T14:32:21","slug":"contact-us","status":"publish","type":"page","link":"https:\/\/pet.artereciclada.com.br\/fr\/contact-us\/","title":{"rendered":"Contato"},"content":{"rendered":"<p>Ol\u00e1! \ud83d\ude0a Precisa entrar em contato conosco? Estamos aqui para ajudar! Entre em contato atrav\u00e9s dos nossos canais abaixo:<\/p>\n\n\n\n<p><strong>E-mail:<\/strong> <a href=\"mailto:contato@artereciclada.com.br\" data-type=\"mailto\" data-id=\"mailto:contato@artereciclada.com.br\">contato@artereciclada.com.br<\/a><\/p>\n\n\n\n<p><strong>Hor\u00e1rio de Atendimento:<\/strong> Segunda a sexta-feira, das 8h \u00e0s 17h.<\/p>\n\n\n\n<p>Envie-nos sua mensagem e responderemos o mais r\u00e1pido poss\u00edvel. Juntos, podemos proporcionar uma vida mais feliz e saud\u00e1vel para seus pets! \ud83d\udc3e\ud83d\udc9a<\/p>\n\n\n\n<p>Estamos \u00e0 disposi\u00e7\u00e3o para esclarecer d\u00favidas, compartilhar dicas ou ouvir suas sugest\u00f5es!<\/p>\n\n\n\n<p><\/p>","protected":false},"excerpt":{"rendered":"<p>Ol\u00e1! \ud83d\ude0a Precisa entrar em contato conosco? Estamos aqui para ajudar! Entre em contato atrav\u00e9s dos nossos canais abaixo: E-mail: contato@artereciclada.com.br Hor\u00e1rio de Atendimento: Segunda a sexta-feira, das 8h \u00e0s 17h. Envie-nos sua mensagem e responderemos o mais r\u00e1pido poss\u00edvel. Juntos, podemos proporcionar uma vida mais feliz e saud\u00e1vel para seus pets! \ud83d\udc3e\ud83d\udc9a Estamos \u00e0 [&hellip;]<\/p>\n","protected":false},"author":3,"featured_media":60,"parent":0,"menu_order":0,"comment_status":"closed","ping_status":"closed","template":"","meta":{"footnotes":""},"class_list":["post-28","page","type-page","status-publish","has-post-thumbnail","hentry"],"blocksy_meta":[],"_links":{"self":[{"href":"https:\/\/pet.artereciclada.com.br\/fr\/wp-json\/wp\/v2\/pages\/28","targetHints":{"allow":["GET"]}}],"collection":[{"href":"https:\/\/pet.artereciclada.com.br\/fr\/wp-json\/wp\/v2\/pages"}],"about":[{"href":"https:\/\/pet.artereciclada.com.br\/fr\/wp-json\/wp\/v2\/types\/page"}],"author":[{"embeddable":true,"href":"https:\/\/pet.artereciclada.com.br\/fr\/wp-json\/wp\/v2\/users\/3"}],"replies":[{"embeddable":true,"href":"https:\/\/pet.artereciclada.com.br\/fr\/wp-json\/wp\/v2\/comments?post=28"}],"version-history":[{"count":2,"href":"https:\/\/pet.artereciclada.com.br\/fr\/wp-json\/wp\/v2\/pages\/28\/revisions"}],"predecessor-version":[{"id":197,"href":"https:\/\/pet.artereciclada.com.br\/fr\/wp-json\/wp\/v2\/pages\/28\/revisions\/197"}],"wp:featuredmedia":[{"embeddable":true,"href":"https:\/\/pet.artereciclada.com.br\/fr\/wp-json\/wp\/v2\/media\/60"}],"wp:attachment":[{"href":"https:\/\/pet.artereciclada.com.br\/fr\/wp-json\/wp\/v2\/media?parent=28"}],"curies":[{"name":"wp","href":"https:\/\/api.w.org\/{rel}","templated":true}]}}