{"id":30,"date":"2025-01-31T08:02:13","date_gmt":"2025-01-31T14:02:13","guid":{"rendered":"https:\/\/pet.artereciclada.com.br\/?page_id=30"},"modified":"2025-03-24T11:28:30","modified_gmt":"2025-03-24T14:28:30","slug":"cookie-policy","status":"publish","type":"page","link":"https:\/\/pet.artereciclada.com.br\/en_gb\/cookie-policy\/","title":{"rendered":"Pol\u00edtica de Cookies\u00a0"},"content":{"rendered":"<p>Esta Pol\u00edtica de Cookies descreve como o **Pet e Arte** (\u201cn\u00f3s\u201d, \u201cnosso\u201d ou \u201cnos\u201d) utiliza cookies e tecnologias semelhantes no site&nbsp;<a href=\"https:\/\/pet.artereciclada.com.br\/en_gb\/\">https:\/\/pet.artereciclada.com.br\/<\/a>&nbsp;(doravante referido como o &#8220;Site&#8221;). Estamos comprometidos em proteger sua privacidade e garantir a transpar\u00eancia sobre o uso de cookies, de acordo com a Lei Geral de Prote\u00e7\u00e3o de Dados (LGPD \u2013 Lei n\u00ba 13.709\/2018).<\/p>\n\n\n\n<h2 class=\"wp-block-heading\">1. O Que S\u00e3o Cookies<\/h2>\n\n\n\n<p>Cookies s\u00e3o pequenos arquivos de texto armazenados em seu dispositivo (computador, tablet, smartphone) quando voc\u00ea visita um site. Eles s\u00e3o amplamente utilizados para tornar os sites mais eficientes, al\u00e9m de fornecer informa\u00e7\u00f5es aos propriet\u00e1rios do site.<\/p>\n\n\n\n<h2 class=\"wp-block-heading\">2. Como Usamos os Cookies<\/h2>\n\n\n\n<p>Utilizamos cookies para diversas finalidades, incluindo:<\/p>\n\n\n\n<ul class=\"wp-block-list\">\n<li><strong>Autentica\u00e7\u00e3o e Seguran\u00e7a:<\/strong>&nbsp;Garantir que voc\u00ea tenha acesso seguro ao Site e suas funcionalidades.<\/li>\n\n\n\n<li><strong>An\u00e1lise e Melhoria:<\/strong>&nbsp;Compreender como os usu\u00e1rios interagem com o Site para melhorar sua usabilidade e conte\u00fado.<\/li>\n\n\n\n<li><strong>Personaliza\u00e7\u00e3o:<\/strong>&nbsp;Adaptar conte\u00fado e ofertas de acordo com suas prefer\u00eancias e comportamentos de navega\u00e7\u00e3o.<\/li>\n\n\n\n<li><strong>Publicidade:<\/strong>&nbsp;Exibir an\u00fancios relevantes e personalizados, al\u00e9m de medir a efic\u00e1cia das campanhas publicit\u00e1rias.<\/li>\n<\/ul>\n\n\n\n<h2 class=\"wp-block-heading\">3. Tipos de Cookies Usados<\/h2>\n\n\n\n<h3 class=\"wp-block-heading\">3.1 Cookies Essenciais<\/h3>\n\n\n\n<p>Esses cookies s\u00e3o necess\u00e1rios para o funcionamento b\u00e1sico do Site. Eles permitem que voc\u00ea navegue no Site e use suas funcionalidades, como acessar \u00e1reas seguras. Sem esses cookies, alguns servi\u00e7os oferecidos no Site n\u00e3o poder\u00e3o ser fornecidos.<\/p>\n\n\n\n<p><strong>Exemplos de Uso:<\/strong><\/p>\n\n\n\n<ul class=\"wp-block-list\">\n<li>Manter sua sess\u00e3o de login ativa.<\/li>\n\n\n\n<li>Lembrar suas prefer\u00eancias de idioma.<\/li>\n<\/ul>\n\n\n\n<h3 class=\"wp-block-heading\">3.2 Cookies de Desempenho<\/h3>\n\n\n\n<p>Os cookies de desempenho coletam informa\u00e7\u00f5es sobre como voc\u00ea usa o Site, como as p\u00e1ginas que visita com mais frequ\u00eancia e se recebe mensagens de erro de p\u00e1ginas da web. Esses cookies n\u00e3o coletam informa\u00e7\u00f5es que identifiquem um visitante. Todas as informa\u00e7\u00f5es coletadas por esses cookies s\u00e3o agregadas e, portanto, an\u00f4nimas. Elas s\u00e3o usadas exclusivamente para melhorar o funcionamento do Site.<\/p>\n\n\n\n<p><strong>Exemplos de Uso:<\/strong><\/p>\n\n\n\n<ul class=\"wp-block-list\">\n<li>Analisar o tr\u00e1fego do Site.<\/li>\n\n\n\n<li>Identificar \u00e1reas do Site que precisam de melhorias.<\/li>\n<\/ul>\n\n\n\n<h3 class=\"wp-block-heading\">3.3 Cookies de Funcionalidade<\/h3>\n\n\n\n<p>Esses cookies permitem que o Site se lembre das escolhas que voc\u00ea faz (como seu nome de usu\u00e1rio, idioma ou regi\u00e3o onde voc\u00ea est\u00e1) e forne\u00e7a funcionalidades aprimoradas e mais personalizadas. Essas informa\u00e7\u00f5es podem ser usadas para lembrar suas prefer\u00eancias para futuras visitas ao Site.<\/p>\n\n\n\n<p><strong>Exemplos de Uso:<\/strong><\/p>\n\n\n\n<ul class=\"wp-block-list\">\n<li>Salvar suas prefer\u00eancias de visualiza\u00e7\u00e3o.<\/li>\n\n\n\n<li>Personalizar o conte\u00fado exibido com base em suas escolhas anteriores.<\/li>\n<\/ul>\n\n\n\n<h3 class=\"wp-block-heading\">3.4 Cookies de Publicidade<\/h3>\n\n\n\n<p>Os cookies de publicidade s\u00e3o usados para exibir an\u00fancios mais relevantes para voc\u00ea e seus interesses. Eles tamb\u00e9m s\u00e3o usados para limitar o n\u00famero de vezes que voc\u00ea v\u00ea um an\u00fancio e para ajudar a medir a efic\u00e1cia das campanhas publicit\u00e1rias.<\/p>\n\n\n\n<p><strong>Exemplos de Uso:<\/strong><\/p>\n\n\n\n<ul class=\"wp-block-list\">\n<li>Exibir an\u00fancios com base em seus interesses.<\/li>\n\n\n\n<li>Controlar a frequ\u00eancia com que um an\u00fancio espec\u00edfico \u00e9 exibido.<\/li>\n<\/ul>\n\n\n\n<h2 class=\"wp-block-heading\">4. Como Usamos os Cookies<\/h2>\n\n\n\n<p>Os cookies s\u00e3o utilizados para:<\/p>\n\n\n\n<ul class=\"wp-block-list\">\n<li>Autentica\u00e7\u00e3o e seguran\u00e7a;<\/li>\n\n\n\n<li>An\u00e1lise e melhoria;<\/li>\n\n\n\n<li>Personaliza\u00e7\u00e3o;<\/li>\n\n\n\n<li>Publicidade.<\/li>\n<\/ul>\n\n\n\n<h2 class=\"wp-block-heading\">5. Gerenciando Cookies<\/h2>\n\n\n\n<p>Os usu\u00e1rios t\u00eam a liberdade de bloquear ou desabilitar cookies de qualquer site, incluindo o nosso, a qualquer momento, ajustando as configura\u00e7\u00f5es de seu navegador de internet.<\/p>\n\n\n\n<h3 class=\"wp-block-heading\">5.1 Como Bloquear Cookies<\/h3>\n\n\n\n<p>Aqui est\u00e3o os links para os guias de ajuda dos principais navegadores, que podem ajud\u00e1-lo com esse procedimento:<\/p>\n\n\n\n<ul class=\"wp-block-list\">\n<li><a href=\"https:\/\/support.microsoft.com\/pt-br\/windows\/gerenciar-cookies-no-microsoft-edge-exibir-permitir-bloquear-excluir-e-usar-168dab11-0753-043d-7c16-ede5947fc64d\" target=\"_blank\" data-type=\"link\" data-id=\"https:\/\/support.microsoft.com\/pt-br\/windows\/gerenciar-cookies-no-microsoft-edge-exibir-permitir-bloquear-excluir-e-usar-168dab11-0753-043d-7c16-ede5947fc64d\" rel=\"noreferrer noopener\">Microsoft Edge<\/a><\/li>\n\n\n\n<li><a href=\"https:\/\/support.mozilla.org\/pt-BR\/\" target=\"_blank\" data-type=\"link\" data-id=\"https:\/\/support.mozilla.org\/pt-BR\/\" rel=\"noreferrer noopener\">Mozilla Firefox<\/a><\/li>\n\n\n\n<li><a href=\"https:\/\/support.google.com\/chrome\/answer\/95647?hl=pt-BR\" target=\"_blank\" rel=\"noreferrer noopener\">Google Chrome<\/a><\/li>\n\n\n\n<li><a href=\"https:\/\/help.opera.com\/pt-br\/latest\/\" target=\"_blank\" rel=\"noreferrer noopener\">Opera<\/a><\/li>\n\n\n\n<li><a href=\"https:\/\/support.apple.com\/pt-br\/guide\/safari\/sfri11471\/mac\" target=\"_blank\" rel=\"noreferrer noopener\">Safari<\/a><\/li>\n<\/ul>\n\n\n\n<h3 class=\"wp-block-heading\">5.2 Desabilitar Publicidade Personalizada<\/h3>\n\n\n\n<p>Se voc\u00ea deseja desabilitar an\u00fancios personalizados fornecidos pelo Google, pode alterar suas configura\u00e7\u00f5es nas Configura\u00e7\u00f5es de An\u00fancios do Google.<\/p>\n\n\n\n<p>Para desabilitar an\u00fancios personalizados de terceiros, visite&nbsp;<a href=\"https:\/\/www.aboutads.info\/\" target=\"_blank\" rel=\"noreferrer noopener\">www.aboutads.info<\/a>, onde voc\u00ea encontrar\u00e1 orienta\u00e7\u00f5es sobre como gerenciar suas prefer\u00eancias de an\u00fancios em diferentes plataformas.<\/p>\n\n\n\n<h2 class=\"wp-block-heading\">6. Consentimento<\/h2>\n\n\n\n<p>Ao usar nosso Site, voc\u00ea concorda com o uso de cookies conforme descrito nesta Pol\u00edtica de Cookies. Se voc\u00ea n\u00e3o concorda com o uso de certos tipos de cookies, pode ajustar suas configura\u00e7\u00f5es de cookies conforme as instru\u00e7\u00f5es acima. No entanto, observe que desabilitar alguns cookies pode afetar sua experi\u00eancia no Site e limitar o acesso a determinadas funcionalidades.<\/p>\n\n\n\n<h2 class=\"wp-block-heading\">7. Atualiza\u00e7\u00f5es da Pol\u00edtica de Cookies<\/h2>\n\n\n\n<p>Podemos atualizar esta Pol\u00edtica de Cookies periodicamente para refletir mudan\u00e7as em nossas pr\u00e1ticas ou por raz\u00f5es legais. Quando fizermos altera\u00e7\u00f5es, atualizaremos a data de \u201c\u00daltima Atualiza\u00e7\u00e3o\u201d no final desta pol\u00edtica e postaremos a vers\u00e3o revisada no Site. Recomendamos que voc\u00ea revise periodicamente esta Pol\u00edtica de Cookies para se manter informado sobre como estamos usando cookies.<\/p>\n\n\n\n<h2 class=\"wp-block-heading\">8. Servi\u00e7os de Terceiros<\/h2>\n\n\n\n<p>Podemos utilizar servi\u00e7os de terceiros para fornecer funcionalidades adicionais ao Site, como processamento de pagamentos, an\u00e1lise de dados e hospedagem de conte\u00fado. Esses terceiros podem ter acesso \u00e0s suas informa\u00e7\u00f5es pessoais apenas para realizar essas tarefas em nosso nome e s\u00e3o obrigados a proteger essas informa\u00e7\u00f5es de acordo com esta Pol\u00edtica de Privacidade e a LGPD.<\/p>\n\n\n\n<h2 class=\"wp-block-heading\">9. Privacidade das Crian\u00e7as<\/h2>\n\n\n\n<p>Nosso Site n\u00e3o \u00e9 destinado a crian\u00e7as menores de 18 anos. N\u00e3o coletamos intencionalmente informa\u00e7\u00f5es pessoais de crian\u00e7as. Se tomarmos conhecimento de que inadvertidamente coletamos informa\u00e7\u00f5es pessoais de uma crian\u00e7a, tomaremos medidas para excluir essas informa\u00e7\u00f5es imediatamente.<\/p>\n\n\n\n<h2 class=\"wp-block-heading\">10. Contato<\/h2>\n\n\n\n<p>Se voc\u00ea tiver alguma d\u00favida sobre esta Pol\u00edtica de Cookies, entre em contato conosco pelo e-mail:&nbsp;<a href=\"mailto:contato@artereciclada.com.br\">contato@artereciclada.com.br<\/a>.<\/p>\n\n\n\n<p><strong>\u00daltima atualiza\u00e7\u00e3o:<\/strong>&nbsp;21 de mar\u00e7o de 2025.<\/p>\n\n\n\n<p><\/p>","protected":false},"excerpt":{"rendered":"<p>Esta Pol\u00edtica de Cookies descreve como o **Pet e Arte** (\u201cn\u00f3s\u201d, \u201cnosso\u201d ou \u201cnos\u201d) utiliza cookies e tecnologias semelhantes no site&nbsp;https:\/\/pet.artereciclada.com.br\/&nbsp;(doravante referido como o &#8220;Site&#8221;). Estamos comprometidos em proteger sua privacidade e garantir a transpar\u00eancia sobre o uso de cookies, de acordo com a Lei Geral de Prote\u00e7\u00e3o de Dados (LGPD \u2013 Lei n\u00ba 13.709\/2018). [&hellip;]<\/p>\n","protected":false},"author":3,"featured_media":60,"parent":0,"menu_order":0,"comment_status":"closed","ping_status":"closed","template":"","meta":{"footnotes":""},"class_list":["post-30","page","type-page","status-publish","has-post-thumbnail","hentry"],"blocksy_meta":[],"_links":{"self":[{"href":"https:\/\/pet.artereciclada.com.br\/en_gb\/wp-json\/wp\/v2\/pages\/30","targetHints":{"allow":["GET"]}}],"collection":[{"href":"https:\/\/pet.artereciclada.com.br\/en_gb\/wp-json\/wp\/v2\/pages"}],"about":[{"href":"https:\/\/pet.artereciclada.com.br\/en_gb\/wp-json\/wp\/v2\/types\/page"}],"author":[{"embeddable":true,"href":"https:\/\/pet.artereciclada.com.br\/en_gb\/wp-json\/wp\/v2\/users\/3"}],"replies":[{"embeddable":true,"href":"https:\/\/pet.artereciclada.com.br\/en_gb\/wp-json\/wp\/v2\/comments?post=30"}],"version-history":[{"count":4,"href":"https:\/\/pet.artereciclada.com.br\/en_gb\/wp-json\/wp\/v2\/pages\/30\/revisions"}],"predecessor-version":[{"id":196,"href":"https:\/\/pet.artereciclada.com.br\/en_gb\/wp-json\/wp\/v2\/pages\/30\/revisions\/196"}],"wp:featuredmedia":[{"embeddable":true,"href":"https:\/\/pet.artereciclada.com.br\/en_gb\/wp-json\/wp\/v2\/media\/60"}],"wp:attachment":[{"href":"https:\/\/pet.artereciclada.com.br\/en_gb\/wp-json\/wp\/v2\/media?parent=30"}],"curies":[{"name":"wp","href":"https:\/\/api.w.org\/{rel}","templated":true}]}}